{"id":1341,"date":"2020-06-19T11:28:57","date_gmt":"2020-06-19T09:28:57","guid":{"rendered":"http:\/\/ecf-formations.fr\/?page_id=1341"},"modified":"2024-06-12T18:30:47","modified_gmt":"2024-06-12T16:30:47","slug":"social","status":"publish","type":"page","link":"https:\/\/ecf-formations.fr\/index.php\/accueil\/formations\/social\/","title":{"rendered":"DROIT SOCIAL &amp; PAIE"},"content":{"rendered":"\t\t<div data-elementor-type=\"wp-page\" data-elementor-id=\"1341\" class=\"elementor elementor-1341\" data-elementor-post-type=\"page\">\n\t\t\t\t\t\t<section class=\"elementor-section elementor-top-section elementor-element elementor-element-1b82aed elementor-section-boxed elementor-section-height-default elementor-section-height-default\" data-id=\"1b82aed\" data-element_type=\"section\" data-e-type=\"section\" data-settings=\"{&quot;background_background&quot;:&quot;classic&quot;}\">\n\t\t\t\t\t\t<div class=\"elementor-container elementor-column-gap-default\">\n\t\t\t\t\t<div class=\"elementor-column elementor-col-100 elementor-top-column elementor-element elementor-element-3e31ad2\" data-id=\"3e31ad2\" data-element_type=\"column\" data-e-type=\"column\" data-settings=\"{&quot;background_background&quot;:&quot;classic&quot;}\">\n\t\t\t<div class=\"elementor-widget-wrap elementor-element-populated\">\n\t\t\t\t\t\t<div class=\"elementor-element elementor-element-6b3df7d3 elementor-widget-divider--view-line elementor-widget elementor-widget-divider\" data-id=\"6b3df7d3\" data-element_type=\"widget\" data-e-type=\"widget\" data-widget_type=\"divider.default\">\n\t\t\t\t<div class=\"elementor-widget-container\">\n\t\t\t\t\t\t\t<div class=\"elementor-divider\">\n\t\t\t<span class=\"elementor-divider-separator\">\n\t\t\t\t\t\t<\/span>\n\t\t<\/div>\n\t\t\t\t\t\t<\/div>\n\t\t\t\t<\/div>\n\t\t\t\t<div class=\"elementor-element elementor-element-777a9691 elementor-widget elementor-widget-text-editor\" data-id=\"777a9691\" data-element_type=\"widget\" data-e-type=\"widget\" data-widget_type=\"text-editor.default\">\n\t\t\t\t<div class=\"elementor-widget-container\">\n\t\t\t\t\t\t\t\t\t<p>Liste des formations<\/p>\t\t\t\t\t\t\t\t<\/div>\n\t\t\t\t<\/div>\n\t\t\t\t\t<\/div>\n\t\t<\/div>\n\t\t\t\t\t<\/div>\n\t\t<\/section>\n\t\t\t\t<section class=\"elementor-section elementor-top-section elementor-element elementor-element-7067cc33 elementor-section-full_width elementor-section-height-default elementor-section-height-default\" data-id=\"7067cc33\" data-element_type=\"section\" data-e-type=\"section\">\n\t\t\t\t\t\t<div class=\"elementor-container elementor-column-gap-default\">\n\t\t\t\t\t<div class=\"elementor-column elementor-col-100 elementor-top-column elementor-element elementor-element-1868308\" data-id=\"1868308\" data-element_type=\"column\" data-e-type=\"column\">\n\t\t\t<div class=\"elementor-widget-wrap elementor-element-populated\">\n\t\t\t\t\t\t<div class=\"elementor-element elementor-element-252cab7b elementor-grid-2 elementor-posts--thumbnail-none elementor-grid-tablet-2 elementor-grid-mobile-1 elementor-card-shadow-yes elementor-posts__hover-gradient elementor-widget elementor-widget-posts\" data-id=\"252cab7b\" data-element_type=\"widget\" data-e-type=\"widget\" data-settings=\"{&quot;cards_columns&quot;:&quot;2&quot;,&quot;cards_columns_tablet&quot;:&quot;2&quot;,&quot;cards_columns_mobile&quot;:&quot;1&quot;,&quot;cards_row_gap&quot;:{&quot;unit&quot;:&quot;px&quot;,&quot;size&quot;:35,&quot;sizes&quot;:[]},&quot;cards_row_gap_tablet&quot;:{&quot;unit&quot;:&quot;px&quot;,&quot;size&quot;:&quot;&quot;,&quot;sizes&quot;:[]},&quot;cards_row_gap_mobile&quot;:{&quot;unit&quot;:&quot;px&quot;,&quot;size&quot;:&quot;&quot;,&quot;sizes&quot;:[]}}\" data-widget_type=\"posts.cards\">\n\t\t\t\t<div class=\"elementor-widget-container\">\n\t\t\t\t\t\t\t<div class=\"elementor-posts-container elementor-posts elementor-posts--skin-cards elementor-grid\" role=\"list\">\n\t\t\t\t<article class=\"elementor-post elementor-grid-item post-27685 product type-product status-publish has-post-thumbnail product_cat-droit-social-paie product_cat-social product_cat-webinaire product_tag-droit-social-paie product_tag-social product_tag-webinaire product_tag-webinaire-droit-social-paie first instock sold-individually shipping-taxable purchasable product-type-variable\" role=\"listitem\">\n\t\t\t<div class=\"elementor-post__card\">\n\t\t\t\t<div class=\"elementor-post__text\">\n\t\t\t\t<h3 class=\"elementor-post__title\">\n\t\t\t<a href=\"https:\/\/ecf-formations.fr\/index.php\/produit\/la-prevention-du-harcelement-au-travail-quels-enjeux\/\" >\n\t\t\t\tLA PREVENTION DU HARCELEMENT AU TRAVAIL : QUELS ENJEUX ?\t\t\t<\/a>\n\t\t<\/h3>\n\t\t\t\t<div class=\"elementor-post__excerpt\">\n\t\t\t<p>Je m&rsquo;inscris Dur\u00e9e de la formation 04H00 Formation \u00e9galement disponible en intra. Nous contacter :\u00a0 01 47 42 55 74<\/p>\n\t\t<\/div>\n\t\t\n\t\t<a class=\"elementor-post__read-more\" href=\"https:\/\/ecf-formations.fr\/index.php\/produit\/la-prevention-du-harcelement-au-travail-quels-enjeux\/\" aria-label=\"En savoir plus sur LA PREVENTION DU HARCELEMENT AU TRAVAIL : QUELS ENJEUX ?\" tabindex=\"-1\" >\n\t\t\tEN SAVOIR PLUS  \u00bb\t\t<\/a>\n\n\t\t\t\t<\/div>\n\t\t\t\t\t<\/div>\n\t\t<\/article>\n\t\t\t\t<article class=\"elementor-post elementor-grid-item post-11558 product type-product status-publish has-post-thumbnail product_cat-cabinet product_cat-cac product_cat-social product_tag-cabinet product_tag-cac product_tag-social  instock sold-individually shipping-taxable purchasable product-type-variable\" role=\"listitem\">\n\t\t\t<div class=\"elementor-post__card\">\n\t\t\t\t<div class=\"elementor-post__text\">\n\t\t\t\t<h3 class=\"elementor-post__title\">\n\t\t\t<a href=\"https:\/\/ecf-formations.fr\/index.php\/produit\/audit-social-presentiel-a-paris\/\" >\n\t\t\t\tAUDIT SOCIAL &#8211; Pr\u00e9sentiel \u00e0 Paris\t\t\t<\/a>\n\t\t<\/h3>\n\t\t\t\t<div class=\"elementor-post__excerpt\">\n\t\t\t<p>Je m&rsquo;inscris Dur\u00e9e de la formation 07h00 Formation \u00e9galement disponible en intra. Nous contacter : 01 47 42 55 74<\/p>\n\t\t<\/div>\n\t\t\n\t\t<a class=\"elementor-post__read-more\" href=\"https:\/\/ecf-formations.fr\/index.php\/produit\/audit-social-presentiel-a-paris\/\" aria-label=\"En savoir plus sur AUDIT SOCIAL &#8211; Pr\u00e9sentiel \u00e0 Paris\" tabindex=\"-1\" >\n\t\t\tEN SAVOIR PLUS  \u00bb\t\t<\/a>\n\n\t\t\t\t<\/div>\n\t\t\t\t\t<\/div>\n\t\t<\/article>\n\t\t\t\t<article class=\"elementor-post elementor-grid-item post-23665 product type-product status-publish has-post-thumbnail product_cat-droit-social-paie product_cat-juridique product_cat-social product_cat-webinaire product_tag-droit-social-paie product_tag-juridique product_tag-social product_tag-webinaire-droit-social-paie product_tag-webinairejuridique product_tag-webinairesocial  instock sold-individually shipping-taxable purchasable product-type-variable\" role=\"listitem\">\n\t\t\t<div class=\"elementor-post__card\">\n\t\t\t\t<div class=\"elementor-post__text\">\n\t\t\t\t<h3 class=\"elementor-post__title\">\n\t\t\t<a href=\"https:\/\/ecf-formations.fr\/index.php\/produit\/prevoyance-et-sante-des-salaries-de-la-gestion-des-risques-au-developpement-de-nouvelles-opportunites\/\" >\n\t\t\t\tPREVOYANCE ET SANTE DES SALARIES : BASES ET ACTUALITES\t\t\t<\/a>\n\t\t<\/h3>\n\t\t\t\t<div class=\"elementor-post__excerpt\">\n\t\t\t<p>Je m&rsquo;inscris Dur\u00e9e de la formation 04h00 Formation \u00e9galement disponible en intra. Nous contacter : 01 47 42 55 74<\/p>\n\t\t<\/div>\n\t\t\n\t\t<a class=\"elementor-post__read-more\" href=\"https:\/\/ecf-formations.fr\/index.php\/produit\/prevoyance-et-sante-des-salaries-de-la-gestion-des-risques-au-developpement-de-nouvelles-opportunites\/\" aria-label=\"En savoir plus sur PREVOYANCE ET SANTE DES SALARIES : BASES ET ACTUALITES\" tabindex=\"-1\" >\n\t\t\tEN SAVOIR PLUS  \u00bb\t\t<\/a>\n\n\t\t\t\t<\/div>\n\t\t\t\t\t<\/div>\n\t\t<\/article>\n\t\t\t\t<article class=\"elementor-post elementor-grid-item post-22639 product type-product status-publish has-post-thumbnail product_cat-social product_tag-social  instock sold-individually shipping-taxable purchasable product-type-variable\" role=\"listitem\">\n\t\t\t<div class=\"elementor-post__card\">\n\t\t\t\t<div class=\"elementor-post__text\">\n\t\t\t\t<h3 class=\"elementor-post__title\">\n\t\t\t<a href=\"https:\/\/ecf-formations.fr\/index.php\/produit\/solde-de-tout-compte-gerer-en-paie-les-indemnites-de-rupture-presentiel\/\" >\n\t\t\t\tSOLDE DE TOUT COMPTE : GERER EN PAIE LES INDEMNITES DE RUPTURE &#8211; Pr\u00e9sentiel\t\t\t<\/a>\n\t\t<\/h3>\n\t\t\t\t<div class=\"elementor-post__excerpt\">\n\t\t\t<p>Dur\u00e9e de la formation Pr\u00e9sentiel DUREE :\u00a07h HORAIRES : 9h30 &#8211; 17h30 Formation disponible en INTRA (visio ou pr\u00e9sentiel) Nb<\/p>\n\t\t<\/div>\n\t\t\n\t\t<a class=\"elementor-post__read-more\" href=\"https:\/\/ecf-formations.fr\/index.php\/produit\/solde-de-tout-compte-gerer-en-paie-les-indemnites-de-rupture-presentiel\/\" aria-label=\"En savoir plus sur SOLDE DE TOUT COMPTE : GERER EN PAIE LES INDEMNITES DE RUPTURE &#8211; Pr\u00e9sentiel\" tabindex=\"-1\" >\n\t\t\tEN SAVOIR PLUS  \u00bb\t\t<\/a>\n\n\t\t\t\t<\/div>\n\t\t\t\t\t<\/div>\n\t\t<\/article>\n\t\t\t\t<article class=\"elementor-post elementor-grid-item post-21508 product type-product status-publish has-post-thumbnail product_cat-cabinet product_cat-social product_cat-webinaire product_tag-social product_tag-webinairecabinet  instock sold-individually shipping-taxable purchasable product-type-variable\" role=\"listitem\">\n\t\t\t<div class=\"elementor-post__card\">\n\t\t\t\t<div class=\"elementor-post__text\">\n\t\t\t\t<h3 class=\"elementor-post__title\">\n\t\t\t<a href=\"https:\/\/ecf-formations.fr\/index.php\/produit\/bootcamp-mise-a-jour-de-la-comptabilite-etre-efficace-pour-preparer-le-bilan-atelier-pratique-2\/\" >\n\t\t\t\tBOOTCAMP : Mise \u00e0 jour de la comptabilit\u00e9. \u00catre efficace pour pr\u00e9parer le bilan &#8211; Atelier pratique\t\t\t<\/a>\n\t\t<\/h3>\n\t\t\t\t<div class=\"elementor-post__excerpt\">\n\t\t\t<p>Dur\u00e9e de la formation VISIO-FORMATION DUREE :\u00a07h Cette formation se d\u00e9roule en deux modules de 3,5 heures. Il est donc<\/p>\n\t\t<\/div>\n\t\t\n\t\t<a class=\"elementor-post__read-more\" href=\"https:\/\/ecf-formations.fr\/index.php\/produit\/bootcamp-mise-a-jour-de-la-comptabilite-etre-efficace-pour-preparer-le-bilan-atelier-pratique-2\/\" aria-label=\"En savoir plus sur BOOTCAMP : Mise \u00e0 jour de la comptabilit\u00e9. \u00catre efficace pour pr\u00e9parer le bilan &#8211; Atelier pratique\" tabindex=\"-1\" >\n\t\t\tEN SAVOIR PLUS  \u00bb\t\t<\/a>\n\n\t\t\t\t<\/div>\n\t\t\t\t\t<\/div>\n\t\t<\/article>\n\t\t\t\t<\/div>\n\t\t\n\t\t\t\t\t\t<\/div>\n\t\t\t\t<\/div>\n\t\t\t\t\t<\/div>\n\t\t<\/div>\n\t\t\t\t\t<\/div>\n\t\t<\/section>\n\t\t\t\t<section class=\"elementor-section elementor-top-section elementor-element elementor-element-bacb124 elementor-section-boxed elementor-section-height-default elementor-section-height-default\" data-id=\"bacb124\" data-element_type=\"section\" data-e-type=\"section\" data-settings=\"{&quot;background_background&quot;:&quot;classic&quot;}\">\n\t\t\t\t\t\t<div class=\"elementor-container elementor-column-gap-default\">\n\t\t\t\t\t<div class=\"elementor-column elementor-col-25 elementor-top-column elementor-element elementor-element-37ccb5e1\" data-id=\"37ccb5e1\" data-element_type=\"column\" data-e-type=\"column\">\n\t\t\t<div class=\"elementor-widget-wrap elementor-element-populated\">\n\t\t\t\t\t\t<div class=\"elementor-element elementor-element-2b043187 elementor-widget elementor-widget-image\" data-id=\"2b043187\" data-element_type=\"widget\" data-e-type=\"widget\" data-widget_type=\"image.default\">\n\t\t\t\t<div class=\"elementor-widget-container\">\n\t\t\t\t\t\t\t\t\t\t\t\t\t\t\t<img decoding=\"async\" src=\"https:\/\/ecf-formations.fr\/wp-content\/uploads\/2020\/05\/logo-formations_blanc-2.png\" title=\"logo-formations_blanc-2\" alt=\"logo-formations_blanc-2\" loading=\"lazy\" \/>\t\t\t\t\t\t\t\t\t\t\t\t\t\t\t<\/div>\n\t\t\t\t<\/div>\n\t\t\t\t<div class=\"elementor-element elementor-element-6443c9ef elementor-tablet-align-start elementor-hidden-tablet elementor-icon-list--layout-traditional elementor-list-item-link-full_width elementor-widget elementor-widget-icon-list\" data-id=\"6443c9ef\" data-element_type=\"widget\" data-e-type=\"widget\" data-widget_type=\"icon-list.default\">\n\t\t\t\t<div class=\"elementor-widget-container\">\n\t\t\t\t\t\t\t<ul class=\"elementor-icon-list-items\">\n\t\t\t\t\t\t\t<li class=\"elementor-icon-list-item\">\n\t\t\t\t\t\t\t\t\t\t\t<span class=\"elementor-icon-list-icon\">\n\t\t\t\t\t\t\t<i aria-hidden=\"true\" class=\"fas fa-phone\"><\/i>\t\t\t\t\t\t<\/span>\n\t\t\t\t\t\t\t\t\t\t<span class=\"elementor-icon-list-text\">01 47 42 55 74<\/span>\n\t\t\t\t\t\t\t\t\t<\/li>\n\t\t\t\t\t\t\t\t<li class=\"elementor-icon-list-item\">\n\t\t\t\t\t\t\t\t\t\t\t<span class=\"elementor-icon-list-icon\">\n\t\t\t\t\t\t\t<i aria-hidden=\"true\" class=\"fas fa-envelope\"><\/i>\t\t\t\t\t\t<\/span>\n\t\t\t\t\t\t\t\t\t\t<span class=\"elementor-icon-list-text\"> formations@e-c-f.fr<\/span>\n\t\t\t\t\t\t\t\t\t<\/li>\n\t\t\t\t\t\t\t\t<li class=\"elementor-icon-list-item\">\n\t\t\t\t\t\t\t\t\t\t\t<span class=\"elementor-icon-list-icon\">\n\t\t\t\t\t\t\t<i aria-hidden=\"true\" class=\"fas fa-map-marker-alt\"><\/i>\t\t\t\t\t\t<\/span>\n\t\t\t\t\t\t\t\t\t\t<span class=\"elementor-icon-list-text\">51, rue d'Amsterdam - Paris 75008<\/span>\n\t\t\t\t\t\t\t\t\t<\/li>\n\t\t\t\t\t\t<\/ul>\n\t\t\t\t\t\t<\/div>\n\t\t\t\t<\/div>\n\t\t\t\t\t<\/div>\n\t\t<\/div>\n\t\t\t\t<div class=\"elementor-column elementor-col-25 elementor-top-column elementor-element elementor-element-462f6496\" data-id=\"462f6496\" data-element_type=\"column\" data-e-type=\"column\">\n\t\t\t<div class=\"elementor-widget-wrap elementor-element-populated\">\n\t\t\t\t\t\t<div class=\"elementor-element elementor-element-4912d069 elementor-widget elementor-widget-heading\" data-id=\"4912d069\" data-element_type=\"widget\" data-e-type=\"widget\" data-widget_type=\"heading.default\">\n\t\t\t\t<div class=\"elementor-widget-container\">\n\t\t\t\t\t<h4 class=\"elementor-heading-title elementor-size-default\">FORMATIONS<\/h4>\t\t\t\t<\/div>\n\t\t\t\t<\/div>\n\t\t\t\t<div class=\"elementor-element elementor-element-37d41d58 elementor-icon-list--layout-traditional elementor-list-item-link-full_width elementor-widget elementor-widget-icon-list\" data-id=\"37d41d58\" data-element_type=\"widget\" data-e-type=\"widget\" data-widget_type=\"icon-list.default\">\n\t\t\t\t<div class=\"elementor-widget-container\">\n\t\t\t\t\t\t\t<ul class=\"elementor-icon-list-items\">\n\t\t\t\t\t\t\t<li class=\"elementor-icon-list-item\">\n\t\t\t\t\t\t\t\t\t\t\t<a href=\"http:\/\/ecf-formations.fr\/index.php\/accueil\/formations\/toutes-les-formations\/\">\n\n\t\t\t\t\t\t\t\t\t\t\t<span class=\"elementor-icon-list-text\">Toutes les formations<\/span>\n\t\t\t\t\t\t\t\t\t\t\t<\/a>\n\t\t\t\t\t\t\t\t\t<\/li>\n\t\t\t\t\t\t<\/ul>\n\t\t\t\t\t\t<\/div>\n\t\t\t\t<\/div>\n\t\t\t\t\t<\/div>\n\t\t<\/div>\n\t\t\t\t<div class=\"elementor-column elementor-col-25 elementor-top-column elementor-element elementor-element-269ac27\" data-id=\"269ac27\" data-element_type=\"column\" data-e-type=\"column\">\n\t\t\t<div class=\"elementor-widget-wrap elementor-element-populated\">\n\t\t\t\t\t\t<div class=\"elementor-element elementor-element-143e95ab elementor-widget elementor-widget-heading\" data-id=\"143e95ab\" data-element_type=\"widget\" data-e-type=\"widget\" data-widget_type=\"heading.default\">\n\t\t\t\t<div class=\"elementor-widget-container\">\n\t\t\t\t\t<h4 class=\"elementor-heading-title elementor-size-default\">TARIFICATIONS<\/h4>\t\t\t\t<\/div>\n\t\t\t\t<\/div>\n\t\t\t\t<div class=\"elementor-element elementor-element-b3fd876 elementor-icon-list--layout-traditional elementor-list-item-link-full_width elementor-widget elementor-widget-icon-list\" data-id=\"b3fd876\" data-element_type=\"widget\" data-e-type=\"widget\" data-widget_type=\"icon-list.default\">\n\t\t\t\t<div class=\"elementor-widget-container\">\n\t\t\t\t\t\t\t<ul class=\"elementor-icon-list-items\">\n\t\t\t\t\t\t\t<li class=\"elementor-icon-list-item\">\n\t\t\t\t\t\t\t\t\t\t\t<a href=\"http:\/\/ecf-formations.fr\/index.php\/accueil\/adhesion\/\">\n\n\t\t\t\t\t\t\t\t\t\t\t<span class=\"elementor-icon-list-text\">Adh\u00e9sions<\/span>\n\t\t\t\t\t\t\t\t\t\t\t<\/a>\n\t\t\t\t\t\t\t\t\t<\/li>\n\t\t\t\t\t\t<\/ul>\n\t\t\t\t\t\t<\/div>\n\t\t\t\t<\/div>\n\t\t\t\t\t<\/div>\n\t\t<\/div>\n\t\t\t\t<div class=\"elementor-column elementor-col-25 elementor-top-column elementor-element elementor-element-1e8ba232\" data-id=\"1e8ba232\" data-element_type=\"column\" data-e-type=\"column\">\n\t\t\t<div class=\"elementor-widget-wrap elementor-element-populated\">\n\t\t\t\t\t\t<div class=\"elementor-element elementor-element-4b30aa71 elementor-widget elementor-widget-heading\" data-id=\"4b30aa71\" data-element_type=\"widget\" data-e-type=\"widget\" data-widget_type=\"heading.default\">\n\t\t\t\t<div class=\"elementor-widget-container\">\n\t\t\t\t\t<h4 class=\"elementor-heading-title elementor-size-default\"><a href=\"http:\/\/ecf-formations.fr\/index.php\/mentions-legales\/\">MENTIONS L\u00e9GALES<\/a><\/h4>\t\t\t\t<\/div>\n\t\t\t\t<\/div>\n\t\t\t\t<div class=\"elementor-element elementor-element-4c7eef1b elementor-widget elementor-widget-heading\" data-id=\"4c7eef1b\" data-element_type=\"widget\" data-e-type=\"widget\" data-widget_type=\"heading.default\">\n\t\t\t\t<div class=\"elementor-widget-container\">\n\t\t\t\t\t<h4 class=\"elementor-heading-title elementor-size-default\"><a href=\"http:\/\/ecf-formations.fr\/index.php\/conditions-generales-de-vente-ecf-formations\/\">cgv<\/a><\/h4>\t\t\t\t<\/div>\n\t\t\t\t<\/div>\n\t\t\t\t<div class=\"elementor-element elementor-element-857cbbf elementor-widget elementor-widget-heading\" data-id=\"857cbbf\" data-element_type=\"widget\" data-e-type=\"widget\" data-widget_type=\"heading.default\">\n\t\t\t\t<div class=\"elementor-widget-container\">\n\t\t\t\t\t<h4 class=\"elementor-heading-title elementor-size-default\"><a href=\"http:\/\/ecf-formations.fr\/index.php\/reglement-interieur\/\">R\u00e8glement int\u00e9rieur<\/a><\/h4>\t\t\t\t<\/div>\n\t\t\t\t<\/div>\n\t\t\t\t<div class=\"elementor-element elementor-element-925bb80 elementor-widget elementor-widget-heading\" data-id=\"925bb80\" data-element_type=\"widget\" data-e-type=\"widget\" data-widget_type=\"heading.default\">\n\t\t\t\t<div class=\"elementor-widget-container\">\n\t\t\t\t\t<h4 class=\"elementor-heading-title elementor-size-default\"><a href=\"http:\/\/ecf-formations.fr\/wp-content\/uploads\/2021\/06\/Registre-Accessibilite-ECF-Formations-2021.pdf\">Registre d'ACCESSIBILIT\u00c9<\/a><\/h4>\t\t\t\t<\/div>\n\t\t\t\t<\/div>\n\t\t\t\t\t<\/div>\n\t\t<\/div>\n\t\t\t\t\t<\/div>\n\t\t<\/section>\n\t\t\t\t<\/div>\n\t\t","protected":false},"excerpt":{"rendered":"<p>Liste des formations 01 47 42 55 74 formations@e-c-f.fr 51, rue d&rsquo;Amsterdam &#8211; Paris 75008 FORMATIONS Toutes les formations TARIFICATIONS Adh\u00e9sions MENTIONS L\u00e9GALES cgv R\u00e8glement int\u00e9rieur Registre d&rsquo;ACCESSIBILIT\u00c9<\/p>\n","protected":false},"author":1,"featured_media":0,"parent":71,"menu_order":0,"comment_status":"closed","ping_status":"closed","template":"","meta":{"footnotes":""},"class_list":["post-1341","page","type-page","status-publish","hentry"],"_links":{"self":[{"href":"https:\/\/ecf-formations.fr\/index.php\/wp-json\/wp\/v2\/pages\/1341","targetHints":{"allow":["GET"]}}],"collection":[{"href":"https:\/\/ecf-formations.fr\/index.php\/wp-json\/wp\/v2\/pages"}],"about":[{"href":"https:\/\/ecf-formations.fr\/index.php\/wp-json\/wp\/v2\/types\/page"}],"author":[{"embeddable":true,"href":"https:\/\/ecf-formations.fr\/index.php\/wp-json\/wp\/v2\/users\/1"}],"replies":[{"embeddable":true,"href":"https:\/\/ecf-formations.fr\/index.php\/wp-json\/wp\/v2\/comments?post=1341"}],"version-history":[{"count":15,"href":"https:\/\/ecf-formations.fr\/index.php\/wp-json\/wp\/v2\/pages\/1341\/revisions"}],"predecessor-version":[{"id":27192,"href":"https:\/\/ecf-formations.fr\/index.php\/wp-json\/wp\/v2\/pages\/1341\/revisions\/27192"}],"up":[{"embeddable":true,"href":"https:\/\/ecf-formations.fr\/index.php\/wp-json\/wp\/v2\/pages\/71"}],"wp:attachment":[{"href":"https:\/\/ecf-formations.fr\/index.php\/wp-json\/wp\/v2\/media?parent=1341"}],"curies":[{"name":"wp","href":"https:\/\/api.w.org\/{rel}","templated":true}]}}